{"id":942,"date":"2022-03-23T14:02:29","date_gmt":"2022-03-23T13:02:29","guid":{"rendered":"http:\/\/lafermedortalissa.fr\/?page_id=942"},"modified":"2026-03-16T23:13:26","modified_gmt":"2026-03-16T22:13:26","slug":"la-pepiniere-et-les-rencontres-2","status":"publish","type":"page","link":"https:\/\/lafermedortalissa.fr\/index.php\/la-pepiniere-et-les-rencontres-2\/","title":{"rendered":"La p\u00e9pini\u00e8re"},"content":{"rendered":"\n<figure class=\"wp-block-image size-large\"><img loading=\"lazy\" decoding=\"async\" width=\"1024\" height=\"360\" src=\"http:\/\/lafermedortalissa.fr\/wp-content\/uploads\/2022\/03\/plants-Ortalissa-1-1024x360.png\" alt=\"\" class=\"wp-image-967\" srcset=\"https:\/\/lafermedortalissa.fr\/wp-content\/uploads\/2022\/03\/plants-Ortalissa-1-1024x360.png 1024w, https:\/\/lafermedortalissa.fr\/wp-content\/uploads\/2022\/03\/plants-Ortalissa-1-300x105.png 300w, https:\/\/lafermedortalissa.fr\/wp-content\/uploads\/2022\/03\/plants-Ortalissa-1-768x270.png 768w, https:\/\/lafermedortalissa.fr\/wp-content\/uploads\/2022\/03\/plants-Ortalissa-1.png 1087w\" sizes=\"auto, (max-width: 1024px) 100vw, 1024px\" \/><\/figure>\n\n\n\n<h2 class=\"wp-block-heading has-text-align-center has-large-font-size\"><strong>Les plants bio de la ferme<\/strong><\/h2>\n\n\n\n<p class=\"has-text-align-center has-medium-font-size\"><strong>Plus de 250 plantes bio <\/strong>de l\u00e9gumes, aromatiques, petits fruits, fleurs, arbustes et arbres diff\u00e9rentes.<\/p>\n\n\n\n<p class=\"has-text-align-center has-medium-font-size\">Produits sur la ferme \u00e0 partir de graines bio r\u00e9colt\u00e9es en France, dans le Sud-Ouest et sur la ferme <\/p>\n\n\n\n<p class=\"has-text-align-center has-medium-font-size\">Avec des vari\u00e9t\u00e9s adapt\u00e9es \u00e0 nos sols et des nouveaut\u00e9s tous les ans. <\/p>\n\n\n\n<p class=\"has-text-align-center has-medium-font-size\">N\u2019h\u00e9sitez pas \u00e0 nous faire part de vos suggestions!<\/p>\n\n\n\n<p class=\"has-text-align-center has-large-font-size\" style=\"text-decoration:underline\"><strong><a href=\"http:\/\/lafermedortalissa.fr\/wp-content\/uploads\/2025\/03\/Catalogue-plants-bio-Ortalissa-2025.pdf\">Notre catalogue 2025 des plants bio de la ferme d&rsquo;Ortalissa est t\u00e9l\u00e9chargeable en cliquant ici!<\/a><\/strong><\/p>\n\n\n\n<p class=\"has-medium-font-size\"><strong>Aper\u00e7u de notre catalogue 2026<\/strong><\/p>\n\n\n\n<p class=\"has-medium-font-size\"><strong>Petits fruits<\/strong> : fraisiers, framboisiers, cassis, groseilliers, myrtilles, m\u00fbres sans \u00e9pines, m\u00fbroises, vignes, rhubarbes, physalis, arbre \u00e0 faisan (plante caramel), baie de Goji, arbousier, am\u00e9lanchiers, cam\u00e9risier (baie de mai), aronia (sorbier noir), feijoa (Goyave du Br\u00e9sil), asiminier (mangue du Nord), sureau \u00e0 baies, ragouminier (cerisier arbustif), poivrier du Sichuan, goumi du Japon, noisetier &#8230;<\/p>\n\n\n\n<p class=\"has-medium-font-size\"><strong>L\u00e9gumes<\/strong> : 18 vari\u00e9t\u00e9s de tomates, 4 vari\u00e9t\u00e9s d&rsquo;aubergines, 5 vari\u00e9t\u00e9s de poivrons, 4 vari\u00e9t\u00e9s de piments, 3 vari\u00e9t\u00e9s de courgettes, 15 vari\u00e9t\u00e9s de courges et citrouilles, des concombres, des melons, des past\u00e8ques, des salades, de la roquette, des choux, des haricots, des petits pois et pois gourmands, des cornichons, des oignons, des betteraves, des blettes, des poireaux, des c\u00e9leris, des ma\u00efs, des artichauts, des patates douces, des topinambours, des cacahou\u00e8tes, des ocas du P\u00e9rou&#8230;<\/p>\n\n\n\n<p class=\"has-medium-font-size\"><strong>Aromatiques<\/strong> : 8 vari\u00e9t\u00e9s de basilics, 9 vari\u00e9t\u00e9s de menthe, persil, coriandre, thym, ciboulette, ciboule, romarin, sauges, laurier noble, origan, sarriette, hysope, 3 vari\u00e9t\u00e9s d&rsquo;estragon, oseille, camomille, liv\u00eache, absinthe, rue, armoises, m\u00e9lisse, cerfeuil, aneth, ail des ours, citronnelle de Madagascar, verveine, h\u00e9lichryse (herbe \u00e0 curry), monarde, arnica montana&#8230;<\/p>\n\n\n\n<p class=\"has-medium-font-size\"><strong>Fleurs annuelles, bisannuelles et vivaces<\/strong> : capucine, tournesols, oeillets, cosmos, pavots, coquelicot, soucis (calendula), nigelle, bourrache, digitale, clarkia, marguerite, delphinium, pois de senteur, tanaisie, zinnia, suzanne, amarantes, chrysanth\u00e8me, fleurs de la joie, immortelles \u00e0 bract\u00e9es, statice, nepeta, pastel, mauve, verveine de Buenos Aires, rudbeckia, lupin, ipom\u00e9es (volubilis), belles de nuit, muflier (gueule de loup), tabac, monnaie du pape (lunaire), ancolie, beno\u00eete, onagre, phac\u00e9lie, tr\u00e8fle, c\u00e9losie, oxalis, pivoine, dahlia, lys, acanthe, lavande, sauge arbustives, chervrefeuille, eupatoire chanverine, pervenche, gaura, glycine, card\u00e8re, jacinthes, lavat\u00e8re, penstemon, orpins, rosiers&#8230;<\/p>\n\n\n\n<p class=\"has-medium-font-size\"><strong>Arbustes et arbres<\/strong> : Millepertuis arbustif (hypericum), mimosa de Paris (forsythia), coronille, spir\u00e9e blanche, cognassiers du Japon, cotinus, ab\u00e9lia, cotoneaster, bambou sacr\u00e9 (nandina), \u00e9l\u00e9agnus, fusain du Japon, troene, viorne, cornouiller, arbustes \u00e0 bonbons (callicarpa), photinia, \u00e9pine-vinette, symphorine, agave, phormium (lin de Nouvelle Z\u00e9lande), foug\u00e8res, laurier rose, \u00e9rable du Japon, \u00e9rable champ\u00eatre, saule osier, saule pleureur, saule tortueux, saule crevette, fr\u00eane, marronnier, ch\u00e2taignier, pin parasol, tilleul, bouleau, parotia persica&#8230;<\/p>\n\n\n<div class=\"wp-block-image\">\n<figure class=\"aligncenter\"><img loading=\"lazy\" decoding=\"async\" width=\"261\" height=\"193\" src=\"http:\/\/lafermedortalissa.fr\/wp-content\/uploads\/2023\/06\/cb.jpg\" alt=\"\" class=\"wp-image-1134\"\/><\/figure>\n<\/div>\n\n\n<p class=\"has-text-align-center has-medium-font-size\">Pas de r\u00e8glement par carte bancaire. Ch\u00e8que ou esp\u00e8ce uniquement.<\/p>\n\n\n\n<p class=\"has-text-align-center has-white-color has-text-color has-background has-link-color has-large-font-size wp-elements-ece602fd7a0d26e9889a9519f3d1e6b3\" style=\"background-color:#78ab6c\"><strong>Ouvertures de la p\u00e9pini\u00e8re ce printemps : <\/strong>le vendredi et samedi de 9h \u00e0 18h ainsi que le dimanche matin de 9h \u00e0 12h30<\/p>\n\n\n\n<p><\/p>\n\n\n\n<h2 class=\"wp-block-heading has-text-align-center has-large-font-size\"><strong>Les plants bio et locaux c&rsquo;est cher ? Pas du tout. <\/strong><\/h2>\n\n\n\n<ul class=\"wp-block-list\">\n<li>0,70\u20ac les mini mottes de choux, brocoli, chou-fleur, salades, blettes, betteraves, tomates, poivrons, aubergines, pois, haricots, poireaux, oignons, c\u00e9leri-rave, etc. Il y a entre 1 et 5 plants par motte en fonction du l\u00e9gume<\/li>\n<\/ul>\n\n\n\n<ul class=\"wp-block-list\">\n<li>1,50\u20ac les plants en godets de 7 \u00e0 8 cm de poivrons, aubergines, tomates, courgettes, concombres, melons, courges, potirons, citrouilles, past\u00e8ques, fraisiers, ma\u00efs, physalis, petites fleurs&#8230;<\/li>\n<\/ul>\n\n\n\n<ul class=\"wp-block-list\">\n<li>2,50\u20ac tous les plants d\u2019aromatiques en godets de 9cm ainsi que les patates douces, topinambour, cacahou\u00e8tes<\/li>\n<\/ul>\n\n\n\n<ul class=\"wp-block-list\">\n<li>3,50\u20ac les plants plus grands en pots rond de 11 \u00e0 13cm couleur terra  avec des fleurs et des aromatiques plus d\u00e9velopp\u00e9es<\/li>\n<\/ul>\n\n\n\n<ul class=\"wp-block-list\">\n<li>5,00\u20ac les plants encore plus grands en pots ronds couleur noir ou gris de 12 \u00e0 15cm avec des plantes en fleurs ou qui commencent \u00e0 fleurir, des p\u00e9rennes comme l&rsquo;artichaut et la rhubarbe, des plants de petits fruits<\/li>\n\n\n\n<li>8,00\u20ac les plants en pot carr\u00e9 de 1,50L \u00e0 4L avec des petits fruits arbustifs, quelques arbustes et d&rsquo;autres plantes p\u00e9rennes plus d\u00e9velopp\u00e9es.&nbsp;<\/li>\n\n\n\n<li>Nous avons aussi des plantes d\u2019arbres et d\u2019arbustes bien d\u00e9velopp\u00e9s et dans des gros pots et containers \u00e0 partir des 12\u20ac<\/li>\n<\/ul>\n\n\n\n<p class=\"has-medium-font-size\"><strong>La Charette aux bons plants :<\/strong><\/p>\n\n\n\n<p class=\"has-medium-font-size\">Toutes les semaines des plants en promotion \u00e0 1\u20ac, 2\u20ac, 3\u20ac ou 4\u20ac. A d\u00e9couvrir directement \u00e0 la ferme.<\/p>\n\n\n<div class=\"wp-block-image\">\n<figure class=\"aligncenter size-large is-resized\"><img loading=\"lazy\" decoding=\"async\" width=\"1024\" height=\"768\" src=\"https:\/\/lafermedortalissa.fr\/wp-content\/uploads\/2025\/04\/charette-aux-bons-plants-1024x768.jpeg\" alt=\"\" class=\"wp-image-1442\" style=\"width:369px;height:auto\" srcset=\"https:\/\/lafermedortalissa.fr\/wp-content\/uploads\/2025\/04\/charette-aux-bons-plants-1024x768.jpeg 1024w, https:\/\/lafermedortalissa.fr\/wp-content\/uploads\/2025\/04\/charette-aux-bons-plants-300x225.jpeg 300w, https:\/\/lafermedortalissa.fr\/wp-content\/uploads\/2025\/04\/charette-aux-bons-plants-768x576.jpeg 768w, https:\/\/lafermedortalissa.fr\/wp-content\/uploads\/2025\/04\/charette-aux-bons-plants-1536x1152.jpeg 1536w, https:\/\/lafermedortalissa.fr\/wp-content\/uploads\/2025\/04\/charette-aux-bons-plants.jpeg 2048w\" sizes=\"auto, (max-width: 1024px) 100vw, 1024px\" \/><\/figure>\n<\/div>\n\n\n<h2 class=\"wp-block-heading has-text-align-center has-large-font-size\"><strong>Au del\u00e0 du prix, nos valeurs :<\/strong><\/h2>\n\n\n\n<p class=\"has-medium-font-size\">&#8211; des plants r\u00e9sistants car cultiv\u00e9s sans chauffage artificiel : pas de nappe chauffante, pas de chauffage au gaz ou au p\u00e9trole dans les serres<\/p>\n\n\n\n<p class=\"has-medium-font-size\">&#8211; des plants adapt\u00e9s \u00e0 la r\u00e9gion avec une s\u00e9lection de vari\u00e9t\u00e9 que nous avons faite en fonction de nos r\u00e9sultats maraichers<\/p>\n\n\n\n<p class=\"has-medium-font-size\">&#8211; des plants \u00e9quilibr\u00e9s avec un syst\u00e8me racinaire bien d\u00e9velopp\u00e9. Pas d\u2019engrais chimiques qui fragilise la plante en la faisant grandir trop vite.<\/p>\n\n\n\n<p class=\"has-medium-font-size\">&#8211; des plants sains et naturels sans aucun traitement &nbsp;100% cultiv\u00e9s en agriculture biologique et labellis\u00e9s <\/p>\n\n\n\n<p><\/p>\n\n\n<div class=\"wp-block-image\">\n<figure class=\"aligncenter size-full is-resized\"><img loading=\"lazy\" decoding=\"async\" width=\"605\" height=\"378\" src=\"http:\/\/lafermedortalissa.fr\/wp-content\/uploads\/2024\/01\/tomates-1-edited.jpg\" alt=\"\" class=\"wp-image-1185\" style=\"width:497px;height:auto\" srcset=\"https:\/\/lafermedortalissa.fr\/wp-content\/uploads\/2024\/01\/tomates-1-edited.jpg 605w, https:\/\/lafermedortalissa.fr\/wp-content\/uploads\/2024\/01\/tomates-1-edited-300x187.jpg 300w, https:\/\/lafermedortalissa.fr\/wp-content\/uploads\/2024\/01\/tomates-1-edited-80x50.jpg 80w\" sizes=\"auto, (max-width: 605px) 100vw, 605px\" \/><\/figure>\n<\/div>\n\n\n<h2 class=\"wp-block-heading has-text-align-center has-large-font-size\"><strong>Une grainoth\u00e8que : \u00c9change gratuit de graines !<\/strong><\/h2>\n\n\n\n<p class=\"has-text-align-center has-medium-font-size\">La grainoth\u00e8que permet d&rsquo;\u00e9changer des graines de l\u00e9gumes, fleurs, aromatiques, ornementales&#8230; selon le principe de gratuit\u00e9 : ceux qui ont des surplus de graines les d\u00e9posent dans la grainoth\u00e8que et les jardiniers int\u00e9ress\u00e9s se servent de graines pour les semer chez eux.&nbsp;<\/p>\n\n\n\n<p class=\"has-text-align-center has-medium-font-size\">Il n&rsquo;est pas obligatoire de prendre des graines quand vous en laissez. Et r\u00e9ciproquement, m\u00eame si vous n&rsquo;avez pas de graines \u00e0 apporter, vous pouvez en prendre de fa\u00e7on mod\u00e9r\u00e9e pour en laisser aux autres.<\/p>\n\n\n\n<p class=\"has-text-align-center has-medium-font-size\">Combien de graines finissent p\u00e9rim\u00e9 au fond d&rsquo;un tiroir ? Alors, n&rsquo;h\u00e9sitons plus et partageons-les !<\/p>\n\n\n\n<p class=\"has-text-align-center has-medium-font-size\">En ce moment dans la grainoth\u00e8que : graines de salades, tomates, radis, navets, haricots verts, pois, fleurs en tout genre, choux, carottes, ma\u00efs, potiron et courges, etc.<\/p>\n\n\n\n<p class=\"has-text-align-center has-medium-font-size\">Grainoth\u00e8que disponible aux heures d&rsquo;ouverture de la ferme et sur demande pour un \u00e9v\u00e9nement particulier.<\/p>\n\n\n<div class=\"wp-block-image\">\n<figure class=\"aligncenter size-full\"><img loading=\"lazy\" decoding=\"async\" width=\"438\" height=\"274\" src=\"http:\/\/lafermedortalissa.fr\/wp-content\/uploads\/2024\/01\/graines-edited.png\" alt=\"\" class=\"wp-image-1183\" srcset=\"https:\/\/lafermedortalissa.fr\/wp-content\/uploads\/2024\/01\/graines-edited.png 438w, https:\/\/lafermedortalissa.fr\/wp-content\/uploads\/2024\/01\/graines-edited-300x188.png 300w, https:\/\/lafermedortalissa.fr\/wp-content\/uploads\/2024\/01\/graines-edited-80x50.png 80w\" sizes=\"auto, (max-width: 438px) 100vw, 438px\" \/><\/figure>\n<\/div>\n\n\n<p class=\"has-text-color has-link-color wp-elements-dd899b456ad3f004f466e1b14319e3de\" style=\"color:#d07d0a\"><\/p>\n\n\n\n<p class=\"has-text-align-center has-white-color has-text-color has-background has-medium-font-size\" style=\"background-color:#78ab6c\"><strong>La ferme d&rsquo;Ortalissa se situe \u00e0 Uzeste dans le Sud Gironde, <\/strong><\/p>\n\n\n\n<p class=\"has-text-align-center has-white-color has-text-color has-background has-medium-font-size\" style=\"background-color:#78ab6c\"><strong>A 15 minutes de Langon et Bazas <\/strong><\/p>\n\n\n\n<p class=\"has-text-align-center has-white-color has-text-color has-background has-medium-font-size\" style=\"background-color:#78ab6c\"><strong>Et \u00e0 seulement 8 minutes de Villandraut, Noaillan, Roaillan et Pr\u00e9chac. <\/strong><\/p>\n\n\n\n<p class=\"has-text-align-center has-white-color has-text-color has-background has-medium-font-size\" style=\"background-color:#78ab6c\"><strong>Comment m&rsquo;y rendre : <a href=\"http:\/\/lafermedortalissa.fr\/index.php\/contact\/\">cliquez ici !<\/a><\/strong><\/p>\n","protected":false},"excerpt":{"rendered":"<p>Les plants bio de la ferme Plus de 250 plantes bio de l\u00e9gumes, aromatiques, petits fruits, fleurs, arbustes et arbres diff\u00e9rentes. Produits sur la ferme \u00e0 partir de graines bio r\u00e9colt\u00e9es en France, dans le Sud-Ouest et sur la ferme &hellip; <a href=\"https:\/\/lafermedortalissa.fr\/index.php\/la-pepiniere-et-les-rencontres-2\/\">Lire la suite\u00ad\u00ad<\/a><\/p>\n","protected":false},"author":1,"featured_media":0,"parent":0,"menu_order":0,"comment_status":"closed","ping_status":"closed","template":"","meta":{"_exactmetrics_skip_tracking":false,"_exactmetrics_sitenote_active":false,"_exactmetrics_sitenote_note":"","_exactmetrics_sitenote_category":0,"footnotes":""},"class_list":["post-942","page","type-page","status-publish","hentry"],"_links":{"self":[{"href":"https:\/\/lafermedortalissa.fr\/index.php\/wp-json\/wp\/v2\/pages\/942","targetHints":{"allow":["GET"]}}],"collection":[{"href":"https:\/\/lafermedortalissa.fr\/index.php\/wp-json\/wp\/v2\/pages"}],"about":[{"href":"https:\/\/lafermedortalissa.fr\/index.php\/wp-json\/wp\/v2\/types\/page"}],"author":[{"embeddable":true,"href":"https:\/\/lafermedortalissa.fr\/index.php\/wp-json\/wp\/v2\/users\/1"}],"replies":[{"embeddable":true,"href":"https:\/\/lafermedortalissa.fr\/index.php\/wp-json\/wp\/v2\/comments?post=942"}],"version-history":[{"count":117,"href":"https:\/\/lafermedortalissa.fr\/index.php\/wp-json\/wp\/v2\/pages\/942\/revisions"}],"predecessor-version":[{"id":1527,"href":"https:\/\/lafermedortalissa.fr\/index.php\/wp-json\/wp\/v2\/pages\/942\/revisions\/1527"}],"wp:attachment":[{"href":"https:\/\/lafermedortalissa.fr\/index.php\/wp-json\/wp\/v2\/media?parent=942"}],"curies":[{"name":"wp","href":"https:\/\/api.w.org\/{rel}","templated":true}]}}