{"id":247,"date":"2018-02-28T13:52:12","date_gmt":"2018-02-28T12:52:12","guid":{"rendered":"http:\/\/lafermedortalissa.fr\/?page_id=247"},"modified":"2018-03-19T16:55:41","modified_gmt":"2018-03-19T15:55:41","slug":"mentions-legales","status":"publish","type":"page","link":"https:\/\/lafermedortalissa.fr\/index.php\/mentions-legales\/","title":{"rendered":"Mentions l\u00e9gales"},"content":{"rendered":"<div class=\"t pg-1m0 pg-1x0 pg-1h4 pg-1y3 pg-1ff2 pg-1fs1 pg-1fc1 pg-1sc0 pg-1ls0 pg-1ws0\" style=\"text-align: justify;\">Ce site Internet est la propri\u00e9t\u00e9 d<span class=\"pg-1fc4 pg-1sc0\">e <\/span>Dorian Pinard<\/div>\n<div class=\"t pg-1m0 pg-1x0 pg-1h5 pg-1y4 pg-1ff3 pg-1fs1 pg-1fc1 pg-1sc0 pg-1ls0 pg-1ws0\" style=\"text-align: justify;\">Adress<span class=\"pg-1fc4 pg-1sc0\">e<\/span><span class=\"pg-1ff2\"> : chemin de Gassion 33730 Uzeste<br \/>\n<\/span><\/div>\n<div class=\"t pg-1m0 pg-1x0 pg-1h5 pg-1y5 pg-1ff3 pg-1fs1 pg-1fc1 pg-1sc0 pg-1ls0 pg-1ws0\" style=\"text-align: justify;\">T\u00e9l. <span class=\"pg-1fc4 pg-1sc0\">:<\/span><span class=\"pg-1ff2\"> <span class=\"pg-1fs2 pg-1fc0\">06.38.14.47.04<\/span><\/span><\/div>\n<div class=\"t pg-1m0 pg-1x0 pg-1h5 pg-1y6 pg-1ff3 pg-1fs1 pg-1fc1 pg-1sc0 pg-1ls0 pg-1ws0\" style=\"text-align: justify;\">E-mail <span class=\"pg-1fc4 pg-1sc0\">:<\/span><span class=\"pg-1ff2\"> <span class=\"pg-1fc0\">lafermedortalissa@gmail.com<\/span><\/span><\/div>\n<div class=\"t pg-1m0 pg-1x0 pg-1h5 pg-1y7 pg-1ff3 pg-1fs1 pg-1fc1 pg-1sc0 pg-1ls0 pg-1ws0\" style=\"text-align: justify;\">SIRE<span class=\"pg-1fc4 pg-1sc0\">T<\/span> <span class=\"pg-1fc4 pg-1sc0\">:<\/span><span class=\"pg-1ff2\"> 830.285.664.00017<br \/>\n<\/span><\/div>\n<div class=\"t pg-1m0 pg-1x0 pg-1h5 pg-1y9 pg-1ff3 pg-1fs1 pg-1fc1 pg-1sc0 pg-1ls0 pg-1ws0\" style=\"text-align: justify;\">Directeur de la publication : Lou Perrineau<\/div>\n<p style=\"text-align: justify;\"><div class=\"space_20 clearfix\"><\/div>\n<h2 style=\"text-align: justify;\">Utilisation de notre site<\/h2>\n<div class=\"t pg-1m0 pg-1x0 pg-1h4 pg-1yc pg-1ff2 pg-1fs1 pg-1fc1 pg-1sc0 pg-1ls0 pg-1ws0\" style=\"text-align: justify;\"><span class=\"pg-1fc4 pg-1sc0\">ht<\/span><span class=\"pg-1fc4 pg-1sc0\">t<\/span><span class=\"pg-1fc4 pg-1sc0\">p:<\/span><span class=\"pg-1fc4 pg-1sc0\">\/<\/span><span class=\"pg-1fc4 pg-1sc0\">\/<\/span><span class=\"pg-1fc4 pg-1sc0\">w<\/span><span class=\"pg-1fc4 pg-1sc0\">w<\/span><span class=\"pg-1fc4 pg-1sc0\">w<\/span><span class=\"pg-1fc4 pg-1sc0\">.<\/span><span class=\"pg-1fc4 pg-1sc0\">lafermedortalissa.fr<\/span><span class=\"pg-1fc1\"> est exploit\u00e9 dans le cadre de la l\u00e9gislation fran\u00e7aise. Son utilisation est r\u00e9gie par les pr\u00e9sentes <\/span>conditions g\u00e9n\u00e9rales. En utilisant le site, vous reconnaissez avoir pris connaissance de ces conditions et les avoir accept\u00e9es. Celles-ci pourront \u00eatres modifi\u00e9es \u00e0 tout moment et sans pr\u00e9avis par notre soci\u00e9t\u00e9. Notre soci\u00e9t\u00e9 ne peut \u00eatre tenue pour responsable en cas d&rsquo;utilisation contraire aux r\u00e8gles d\u00e9finies.<\/div>\n<div class=\"t pg-1m0 pg-1x0 pg-1h5 pg-1y11 pg-1ff3 pg-1fs1 pg-1fc1 pg-1sc0 pg-1ls0 pg-1ws0\" style=\"text-align: justify;\"><div class=\"space_20 clearfix\"><\/div><\/div>\n<h2 class=\"t pg-1m0 pg-1x0 pg-1h5 pg-1y11 pg-1ff3 pg-1fs1 pg-1fc1 pg-1sc0 pg-1ls0 pg-1ws0\" style=\"text-align: justify;\">Droit de r\u00e9tractation<\/h2>\n<div class=\"t pg-1m0 pg-1x0 pg-1h4 pg-1y12 pg-1ff2 pg-1fs1 pg-1fc1 pg-1sc0 pg-1ls0 pg-1ws0\" style=\"text-align: justify;\">Conform\u00e9ment aux dispositions de la loi n<span class=\"pg-1fc4 pg-1sc0\">\u00b0<\/span> 78-17 du 6 janvier 1978 relative \u00e0 l\u2019informatique, aux fichiers et aux libert\u00e9s, vous disposez d\u2019un droit d\u2019acc\u00e8s, de modification, de rectification et de suppression des donn\u00e9es qui vous concernent. Pour demander une modification, rectification ou suppression des donn\u00e9es vous concernant, il vous suffit d\u2019envoyer un courrier par voie \u00e9lectronique ou postale en justifiant de votre identit\u00e9.<\/div>\n<div class=\"t pg-1m0 pg-1x0 pg-1h4 pg-1y16 pg-1ff2 pg-1fs1 pg-1fc1 pg-1sc0 pg-1ls0 pg-1ws0\" style=\"text-align: justify;\">Envoyer un message \u00e9lectronique <span class=\"pg-1fc4 pg-1sc0\">: lafermedortalissa@gmail.com<\/span><\/div>\n<div class=\"t pg-1m0 pg-1x0 pg-1h4 pg-1y17 pg-1ff2 pg-1fs1 pg-1fc1 pg-1sc0 pg-1ls0 pg-1ws0\" style=\"text-align: justify;\">Envoyer un courrier postal: La ferme d&rsquo;Ortalissa chemin de Gassion 33730 Uzeste<\/div>\n<div style=\"text-align: justify;\"><div class=\"space_20 clearfix\"><\/div><\/div>\n<h2 class=\"t pg-1m0 pg-1x0 pg-1h5 pg-1y19 pg-1ff3 pg-1fs1 pg-1fc1 pg-1sc0 pg-1ls0 pg-1ws0\" style=\"text-align: justify;\">Contenus et responsabilit\u00e9s<\/h2>\n<div class=\"t pg-1m0 pg-1x0 pg-1h4 pg-1y1a pg-1ff2 pg-1fs1 pg-1fc1 pg-1sc0 pg-1ls0 pg-1ws0\" style=\"text-align: justify;\">www.lafermedortalissa.fr propose de nombreux liens vers d\u2019autres sites. Nous indiquons syst\u00e9matiquement vers quel site nous vous proposons d\u2019aller. Cependant, ces pages web dont les adresses sont r\u00e9guli\u00e8rement v\u00e9rifi\u00e9es ne font pas partie du por<span class=\"pg-1fc4 pg-1sc0\">t<\/span><span class=\"pg-1fc4 pg-1sc0\">a<\/span><span class=\"pg-1fc4 pg-1sc0\">i<\/span><span class=\"pg-1fc4 pg-1sc0\">l<\/span> : elles n\u2019engagent pas la responsabilit\u00e9 de la r\u00e9daction du site. Nous attachons beaucoup d\u2019importance \u00e0 l\u2019origine des photos que nous publions. Elles restent cependant non contractuelles.<\/div>\n<div style=\"text-align: justify;\"><div class=\"space_20 clearfix\"><\/div><\/div>\n<h2 class=\"t pg-1m0 pg-1x0 pg-1h5 pg-1y1f pg-1ff3 pg-1fs1 pg-1fc1 pg-1sc0 pg-1ls0 pg-1ws0\" style=\"text-align: justify;\">\u00c9tablir un lien<\/h2>\n<div class=\"t pg-1m0 pg-1x0 pg-1h4 pg-1y20 pg-1ff2 pg-1fs1 pg-1fc1 pg-1sc0 pg-1ls0 pg-1ws0\" style=\"text-align: justify;\">Tout site public ou priv\u00e9 est autoris\u00e9 \u00e0 \u00e9tablir un lien vers les informations diffus\u00e9es sur www.<span class=\"pg-1fc3\"><span class=\"pg-1fc4 pg-1sc0\">lafermedortalissa.fr<\/span><\/span>, apr\u00e8s accord pr\u00e9alable. En revanche, les contenus (texte, image ou autre) ne peuvent \u00eatre repris \u00e0 l&rsquo;identique \u00e0 l\u2019int\u00e9rieur des pages d\u2019un site externe sans que notre site ne soit cit\u00e9 et avec notre accord pr\u00e9alable.<\/div>\n<div style=\"text-align: justify;\"><div class=\"space_20 clearfix\"><\/div><\/div>\n<h2 class=\"t pg-1m0 pg-1x0 pg-1h5 pg-1y23 pg-1ff3 pg-1fs1 pg-1fc1 pg-1sc0 pg-1ls0 pg-1ws0\" style=\"text-align: justify;\">Copyright<\/h2>\n<div class=\"t pg-1m0 pg-1x0 pg-1h4 pg-1y24 pg-1ff2 pg-1fs1 pg-1fc1 pg-1sc0 pg-1ls0 pg-1ws0\" style=\"text-align: justify;\">La charte graphiqu<span class=\"pg-1fc4 pg-1sc0\">e<\/span> (illustrations, typographie, emplacements, dimensions des \u00e9l\u00e9ments, photos, etc.) du s<span class=\"pg-1fc4 pg-1sc0\">i<\/span><span class=\"pg-1fc4 pg-1sc0\">t<\/span><span class=\"pg-1fc4 pg-1sc0\">e<\/span> <span class=\"pg-1fc2\"><span class=\"pg-1fc4 pg-1sc0\">ht<\/span><span class=\"pg-1fc4 pg-1sc0\">t<\/span><span class=\"pg-1fc4 pg-1sc0\">p:<\/span><span class=\"pg-1fc4 pg-1sc0\">\/<\/span><span class=\"pg-1fc4 pg-1sc0\">\/<\/span><span class=\"pg-1fc4 pg-1sc0\">w<\/span><span class=\"pg-1fc4 pg-1sc0\">w<\/span><span class=\"pg-1fc4 pg-1sc0\">w<\/span><span class=\"pg-1fc4 pg-1sc0\">.lafermedortalissa.fr<\/span><span class=\"pg-1fc1\"> est soumise aux droits d&rsquo;auteur et rel\u00e8ve en cons\u00e9quence des l\u00e9gislations fran\u00e7aises et <\/span><\/span>internationales sur le droit d&rsquo;auteur et la propri\u00e9t\u00e9 intellectuelle.<\/div>\n<div class=\"t pg-1m0 pg-1x0 pg-1h4 pg-1y27 pg-1ff2 pg-1fs1 pg-1fc1 pg-1sc0 pg-1ls0 pg-1ws0\" style=\"text-align: justify;\">Tous les droits de reproduction sont r\u00e9serv\u00e9s, y compris pour les documents iconographiques et photographiques, donn\u00e9es personnelles.<\/div>\n<div style=\"text-align: justify;\"><div class=\"space_20 clearfix\"><\/div><\/div>\n<h2 class=\"t pg-1m0 pg-1x0 pg-1h6 pg-1y29 pg-1ff4 pg-1fs2 pg-1fc1 pg-1sc0 pg-1ls0 pg-1ws0\" style=\"text-align: justify;\"><span class=\"pg-1fc4 pg-1sc0\">C<\/span>ookies<\/h2>\n<div class=\"t pg-2m0 pg-2x0 pg-2h3 pg-2y3 pg-2ff2 pg-2fs0 pg-2fc1 pg-2sc0 pg-2ls0 pg-2ws0\" style=\"text-align: justify;\"><span class=\"pg-1fc4 pg-1sc0\">Pour <\/span><span class=\"pg-1fc4 pg-1sc0\">des<\/span> <span class=\"pg-1fc4 pg-1sc0\">be<\/span><span class=\"pg-1fc4 pg-1sc0\">s<\/span><span class=\"pg-1fc4 pg-1sc0\">oins<\/span> <span class=\"pg-1fc4 pg-1sc0\">de<\/span> <span class=\"pg-1fc4 pg-1sc0\">s<\/span><span class=\"pg-1fc4 pg-1sc0\">t<\/span><span class=\"pg-1fc4 pg-1sc0\">at<\/span><span class=\"pg-1fc4 pg-1sc0\">i<\/span><span class=\"pg-1fc4 pg-1sc0\">s<\/span><span class=\"pg-1fc4 pg-1sc0\">t<\/span><span class=\"pg-1fc4 pg-1sc0\">ique<\/span><span class=\"pg-1fc4 pg-1sc0\">s<\/span> <span class=\"pg-1fc4 pg-1sc0\">(GOOGLE <\/span><span class=\"pg-1fc4 pg-1sc0\">A<\/span><span class=\"pg-1fc4 pg-1sc0\">N<\/span><span class=\"pg-1fc4 pg-1sc0\">AL<\/span><span class=\"pg-1fc4 pg-1sc0\">Y<\/span><span class=\"pg-1fc4 pg-1sc0\">T<\/span><span class=\"pg-1fc4 pg-1sc0\">I<\/span><span class=\"pg-1fc4 pg-1sc0\">C<\/span><span class=\"pg-1fc4 pg-1sc0\">S),<\/span> <span class=\"pg-1fc4 pg-1sc0\">c<\/span><span class=\"pg-1fc4 pg-1sc0\">e <\/span><span class=\"pg-1fc4 pg-1sc0\">s<\/span><span class=\"pg-1fc4 pg-1sc0\">i<\/span><span class=\"pg-1fc4 pg-1sc0\">t<\/span><span class=\"pg-1fc4 pg-1sc0\">e <\/span><span class=\"pg-1fc4 pg-1sc0\">u<\/span><span class=\"pg-1fc4 pg-1sc0\">t<\/span><span class=\"pg-1fc4 pg-1sc0\">ilis<\/span><span class=\"pg-1fc4 pg-1sc0\">e <\/span><span class=\"pg-1fc4 pg-1sc0\">de<\/span><span class=\"pg-1fc4 pg-1sc0\">s<\/span> <span class=\"pg-1fc4 pg-1sc0\">c<\/span><span class=\"pg-1fc4 pg-1sc0\">ook<\/span><span class=\"pg-1fc4 pg-1sc0\">ie<\/span><span class=\"pg-1fc4 pg-1sc0\">s<\/span><span class=\"pg-1fc4 pg-1sc0\">.<\/span> <span class=\"pg-1fc4 pg-1sc0\">I<\/span><span class=\"pg-1fc4 pg-1sc0\">l <\/span>s&rsquo;agit de petits fichiers textes stock\u00e9s sur votre disque dur qui enregistre des donn\u00e9es techniques sur votre navigation. Certaines parties de ce site peuvent fonctionner sans l\u2019acceptation de cookies. <a href=\"https:\/\/www.google.fr\/intl\/fr\/policies\/technologies\/types\/\"><span class=\"pg-2fc3 pg-2sc0\">E<\/span><span class=\"pg-2fc3 pg-2sc0\">n<\/span> <span class=\"pg-2fc3 pg-2sc0\">s<\/span><span class=\"pg-2fc3 pg-2sc0\">av<\/span><span class=\"pg-2fc3 pg-2sc0\">o<\/span><span class=\"pg-2fc3 pg-2sc0\">i<\/span><span class=\"pg-2fc3 pg-2sc0\">r <\/span><span class=\"pg-2fc3 pg-2sc0\">p<\/span><span class=\"pg-2fc3 pg-2sc0\">l<\/span><span class=\"pg-2fc3 pg-2sc0\">u<\/span><span class=\"pg-2fc3 pg-2sc0\">s<\/span><\/a><span class=\"pg-2ff1 pg-2fc0\"><br \/>\n<\/span><\/div>\n<div class=\"t pg-1m0 pg-1x0 pg-1h7 pg-1y2b pg-1ff5 pg-1fs2 pg-1fc1 pg-1sc0 pg-1ls0 pg-1ws0\">\n<div style=\"text-align: justify;\"><div class=\"space_20 clearfix\"><\/div><\/div>\n<h2 class=\"t pg-2m0 pg-2x2 pg-2h4 pg-2y4 pg-2ff3 pg-2fs1 pg-2fc0 pg-2sc0 pg-2ls0 pg-2ws0\" style=\"text-align: justify;\">Conception &#8211; H\u00e9bergement<\/h2>\n<div class=\"t pg-2m0 pg-2x3 pg-2h4 pg-2y5 pg-2ff4 pg-2fs1 pg-2fc0 pg-2sc0 pg-2ls0 pg-2ws0\" style=\"text-align: justify;\">Notre site Internet est h\u00e9berg\u00e9 par OVH Roubaix<\/div>\n<div style=\"text-align: justify;\">Il a \u00e9t\u00e9 r\u00e9alis\u00e9 par nous-m\u00eame.<\/div>\n<div style=\"text-align: justify;\">Conception graphique logo : Nicolas Halgand<\/div>\n<div style=\"text-align: justify;\">Cr\u00e9dit Photo : Lou Perrineau<\/div>\n<\/div>\n","protected":false},"excerpt":{"rendered":"<p>Ce site Internet est la propri\u00e9t\u00e9 de Dorian Pinard Adresse : chemin de Gassion 33730 Uzeste T\u00e9l. : 06.38.14.47.04 E-mail : lafermedortalissa@gmail.com SIRET : 830.285.664.00017 Directeur de la publication : Lou Perrineau Utilisation de notre site http:\/\/www.lafermedortalissa.fr est exploit\u00e9 dans &hellip; <a href=\"https:\/\/lafermedortalissa.fr\/index.php\/mentions-legales\/\">Lire la suite\u00ad\u00ad<\/a><\/p>\n","protected":false},"author":1,"featured_media":0,"parent":0,"menu_order":0,"comment_status":"closed","ping_status":"closed","template":"page-fullwidth.php","meta":{"_exactmetrics_skip_tracking":false,"_exactmetrics_sitenote_active":false,"_exactmetrics_sitenote_note":"","_exactmetrics_sitenote_category":0,"footnotes":""},"class_list":["post-247","page","type-page","status-publish","hentry"],"_links":{"self":[{"href":"https:\/\/lafermedortalissa.fr\/index.php\/wp-json\/wp\/v2\/pages\/247","targetHints":{"allow":["GET"]}}],"collection":[{"href":"https:\/\/lafermedortalissa.fr\/index.php\/wp-json\/wp\/v2\/pages"}],"about":[{"href":"https:\/\/lafermedortalissa.fr\/index.php\/wp-json\/wp\/v2\/types\/page"}],"author":[{"embeddable":true,"href":"https:\/\/lafermedortalissa.fr\/index.php\/wp-json\/wp\/v2\/users\/1"}],"replies":[{"embeddable":true,"href":"https:\/\/lafermedortalissa.fr\/index.php\/wp-json\/wp\/v2\/comments?post=247"}],"version-history":[{"count":11,"href":"https:\/\/lafermedortalissa.fr\/index.php\/wp-json\/wp\/v2\/pages\/247\/revisions"}],"predecessor-version":[{"id":293,"href":"https:\/\/lafermedortalissa.fr\/index.php\/wp-json\/wp\/v2\/pages\/247\/revisions\/293"}],"wp:attachment":[{"href":"https:\/\/lafermedortalissa.fr\/index.php\/wp-json\/wp\/v2\/media?parent=247"}],"curies":[{"name":"wp","href":"https:\/\/api.w.org\/{rel}","templated":true}]}}