{"id":1192,"date":"2024-01-18T11:04:01","date_gmt":"2024-01-18T10:04:01","guid":{"rendered":"http:\/\/lafermedortalissa.fr\/?page_id=1192"},"modified":"2026-04-08T00:18:50","modified_gmt":"2026-04-07T22:18:50","slug":"les-rencontres","status":"publish","type":"page","link":"https:\/\/lafermedortalissa.fr\/index.php\/les-rencontres\/","title":{"rendered":"Les rencontres"},"content":{"rendered":"\n<p class=\"has-medium-font-size\">Partager nos connaissances et notre exp\u00e9rience sur le jardinage fait partie de l&rsquo;essence m\u00eame de notre ferme. <\/p>\n\n\n\n<p class=\"has-medium-font-size\">Tous les printemps, nous proposons diff\u00e9rents ateliers sur le jardinage bio ainsi que des visites de la ferme d&rsquo;Ortalissa !<\/p>\n\n\n\n<p class=\"has-medium-font-size\">Restez inform\u00e9s de notre actualit\u00e9 pour l&rsquo;ann\u00e9e 2026 en vous inscrivant \u00e0 notre lettre d&rsquo;information tout en bas du site internet. <\/p>\n\n\n\n<p class=\"has-text-align-center has-luminous-vivid-amber-to-luminous-vivid-orange-gradient-background has-background has-medium-font-size\"><strong>R\u00e9servez d\u00e9j\u00e0 les dates des nos portes ouvertes le 1, 2 et 3 Mai 2026<\/strong><\/p>\n\n\n\n<h1 class=\"wp-block-heading has-text-align-center has-x-large-font-size\"><strong>Visites de la ferme<\/strong><\/h1>\n\n\n\n<p class=\"has-medium-font-size\">Nous organisons r\u00e9guli\u00e8rement des visites de la ferme : la culture des l\u00e9gumes sur sol vivant, les engrais verts utilis\u00e9s pour am\u00e9liorer le sol, l&rsquo;organisation de la ferme inspir\u00e9e de la permaculture, la mare, les moutons d&rsquo;Ouessant, les fruitiers, les serres, la p\u00e9pini\u00e8re, etc. Tour d&rsquo;horizon de notre univers !<\/p>\n\n\n\n<p class=\"has-medium-font-size\"><strong>Samedi 21 mars 2026<\/strong> \u00e0 15h. Gratuit. Sur r\u00e9servation : lafermedortalissa@gmail.com<\/p>\n\n\n\n<p class=\"has-medium-font-size\"><strong>Samedi 25 avril 2026<\/strong> \u00e0 15h. \u00ab\u00a0De la graine au plant\u00a0\u00bb Visite sp\u00e9ciale de la p\u00e9pini\u00e8re, des diff\u00e9rentes serres de production et tour d&rsquo;horizon de nos techniques. Sur r\u00e9servation : lafermedortalissa@gmail.com Nombre de places limit\u00e9<\/p>\n\n\n\n<h1 class=\"wp-block-heading has-text-align-center has-x-large-font-size\"><strong>Les ateliers de jardinage<\/strong> de 2026<\/h1>\n\n\n\n<h2 class=\"wp-block-heading has-text-align-center has-large-font-size\"><strong>R\u00e9ussir ses petits fruits<\/strong><\/h2>\n\n\n<div class=\"wp-block-image\">\n<figure class=\"alignright size-full\"><img loading=\"lazy\" decoding=\"async\" width=\"142\" height=\"189\" src=\"http:\/\/lafermedortalissa.fr\/wp-content\/uploads\/2017\/12\/framboisier-plants.jpg\" alt=\"plants de framboisiers\" class=\"wp-image-171\"\/><\/figure>\n<\/div>\n\n\n<p class=\"has-medium-font-size\">Fraises, framboises, cassis, myrtilles, groseilles, baies de mai, m\u00fbres sans \u00e9pines, ragouminier, etc. Les petits fruits ont bien des avantages : ils sont productifs d\u00e8s les premi\u00e8res ann\u00e9es, ils r\u00e9sistent mieux aux gel\u00e9es tardives, ils sont plein de vitamines et d&rsquo;anti-oxydants &#8230; et surtout ils sont d\u00e9licieux !!!<\/p>\n\n\n\n<p class=\"has-medium-font-size\">Comment faire pour bien les r\u00e9ussir de la culture \u00e0 la r\u00e9colte en passant par la taille et les besoins des plantes ? C&rsquo;est ce que nous verrons dans cet atelier.<\/p>\n\n\n\n<p class=\"has-medium-font-size\"><strong>Samedi 4 avril 2026<\/strong> de 15h. Gratuit. Sur r\u00e9servation : lafermedortalissa@gmail.com<\/p>\n\n\n\n<h2 class=\"wp-block-heading has-text-align-center has-large-font-size\"><strong>Cultiver et s\u00e9cher ses plantes pour bouquet sec<\/strong><\/h2>\n\n\n\n<p class=\"has-medium-font-size\">Les bouquets secs ont quelque chose de g\u00e9nial : ils sont compos\u00e9s de plantes simples \u00e0 cultiver pour la majorit\u00e9, on peut les garder des mois, ils ne fl\u00e2nent pas et n&rsquo;ont pas besoin d&rsquo;eau. Tour d&rsquo;horrizon dans cet atelier de 16 plantes qui se pr\u00eatent bien pour faire des bouquets secs : Quelles plantes choisir? Comment les cultiver? Et comment les faire s\u00e9cher?<\/p>\n\n\n\n<p class=\"has-medium-font-size\"><strong>Samedi 11 avril 2026<\/strong> \u00e0 15h. Gratuit. Sur r\u00e9servation : lafermedortalissa@gmail.com<\/p>\n\n\n\n<h2 class=\"wp-block-heading has-text-align-center has-large-font-size\"><strong>Fabriquer des bombes de graines<\/strong><\/h2>\n\n\n\n<p>Atelier pour petits et grands pour fabriquer des bombes de graines qui serviront pour notre jardin \u00ab\u00a0le livre ouVERT\u00a0\u00bb. <\/p>\n\n\n\n<p class=\"has-medium-font-size\"><strong>Vendredi 17 avril 2026<\/strong> \u00e0 15h. Gratuit. Sur r\u00e9servation : lafermedortalissa@gmail.com<\/p>\n\n\n\n<p class=\"has-medium-font-size\"><strong>Samedi 18 avril 2026<\/strong> \u00e0 15h. Gratuit. Sur r\u00e9servation : lafermedortalissa@gmail.com<\/p>\n\n\n\n<h2 class=\"wp-block-heading has-text-align-center has-large-font-size\"><strong>Comment jardiner face aux s\u00e9cheresses ? <\/strong><\/h2>\n\n\n\n<p class=\"has-medium-font-size\">Pas facile de cultiver un joli jardin lors des \u00e9t\u00e9s chauds ! Comment faire pour que les plantes ne meurent pas de soif ??? Avant de verser la premi\u00e8re goutte d&rsquo;eau dans le sol, on vous d\u00e9voile plein de trucs et astuces pour mieux retenir l&rsquo;eau dans le sol et \u00e9viter qu&rsquo;elle ne s&rsquo;en aille ! Et tout particuli\u00e8rement pour les sols sableux comme chez nous \u00e0 Uzeste.  <\/p>\n\n\n\n<p class=\"has-medium-font-size\">Prochaine date : <\/p>\n\n\n\n<p class=\"has-medium-font-size\"><strong>Samedi 16 mai 2026<\/strong> \u00e0 15h. Gratuit. Sur r\u00e9servation : lafermedortalissa@gmail.com<\/p>\n\n\n\n<p><\/p>\n\n\n\n<h2 class=\"wp-block-heading has-text-align-center has-x-large-font-size\">Un livre ouVERT<\/h2>\n\n\n\n<p class=\"has-text-align-center\"><em>Une future exploration collective : planter des mots comme des graines, avec l\u2019id\u00e9e de faire \u00e9merger un langage commun : une litt\u00e9rature de r\u00e9sistance, vivante et partag\u00e9e.<\/em><\/p>\n\n\n\n<p class=\"has-text-align-center\">Cultiver un jardin pour concr\u00e9tiser dans la terre&nbsp;et dans l\u2019\u00e9criture une r\u00e9flexion, une interrogation :&nbsp;<\/p>\n\n\n\n<p class=\"has-text-align-center\">Quel terreau fait-il germer en nous l\u2019intol\u00e9rance, le rejet,&nbsp;la discrimination, la haine jusqu\u2019\u00e0 la barbarie ?<\/p>\n\n\n\n<blockquote class=\"wp-block-quote is-layout-flow wp-block-quote-is-layout-flow\">\n<blockquote class=\"wp-block-quote is-layout-flow wp-block-quote-is-layout-flow\">\n<p class=\"has-text-align-center\">Semer des id\u00e9es et observer ce qui pousse : le bon comme le mauvais<\/p>\n\n\n\n<p class=\"has-text-align-center\">Planter des symboles, des \u00e9chos de l\u2019histoire<\/p>\n\n\n\n<p class=\"has-text-align-center\">Installer des cabanes comme refuges pour des t\u00e9moignages<\/p>\n\n\n\n<p class=\"has-text-align-center\">Enraciner nos pens\u00e9es dans le sol ou quelques r\u00eaves possibles<\/p>\n\n\n\n<p class=\"has-text-align-center\">Apprendre \u00e0 prendre soin du vivant et l\u2019effort que cela demande.<\/p>\n<\/blockquote>\n<\/blockquote>\n\n\n\n<p class=\"has-text-align-center\">Notre rapport \u00e0 la terre, <\/p>\n\n\n\n<p class=\"has-text-align-center\">Ce que les plantes nous racontent et ce que raconte la mani\u00e8re de les cultiver.<\/p>\n\n\n\n<blockquote class=\"wp-block-quote is-layout-flow wp-block-quote-is-layout-flow\">\n<blockquote class=\"wp-block-quote is-layout-flow wp-block-quote-is-layout-flow\">\n<p class=\"has-text-align-center\">Avec tout cela, nourrir un terreau de nos diff\u00e9rentes cultures et agricultures, de feuilles mortes, de nos intransigeances, de fleurs fan\u00e9es, de drames, de cendres, de survivants, de vers de terre, de r\u00e9sistances et oui, aussi d\u2019espoir.<\/p>\n<\/blockquote>\n<\/blockquote>\n\n\n\n<p>Gr\u00e2ce \u00e0 la compagnie Uz et coutumes, nous avons la chance \u00e0 la ferme d&rsquo;Ortalissa de participer \u00e0 ce projet de recherche.<\/p>\n\n\n\n<p>Tout au long du printemps 2026, vous pourrez d\u00e9couvrir et y participer avec nous.<\/p>\n\n\n\n<p>Rendez-vous le 29 mars, le 5 avril, le 19 avril, le 26 avril, le 3 mai, le 10 mai, le 17 mai, le 24 mai, le 31 mai, le 7 juin et le 28 juin sur le livre ouVERT \u00e0 la ferme d&rsquo;Ortalissa \u00e0 partir de 11h.<\/p>\n\n\n\n<p><\/p>\n\n\n\n<h1 class=\"wp-block-heading has-text-align-center has-large-font-size\"><strong>Des ateliers sur mesure<\/strong><\/h1>\n\n\n\n<p class=\"has-virtue-primary-color has-text-color has-medium-font-size\">Vous souhaitez visiter notre ferme en groupe ou faire un atelier particulier ?<\/p>\n\n\n\n<p class=\"has-medium-font-size\">Nous organisons des ateliers sp\u00e9ciaux pour des personnes int\u00e9ress\u00e9es, pour les associations, les \u00e9tablissements publics et priv\u00e9s, les comit\u00e9s d&rsquo;entreprise, les classes de maternelles, primaires, de coll\u00e8ge, de lyc\u00e9e et d&rsquo;\u00e9tudes sup\u00e9rieures en sortie scolaire ou lors d&rsquo;un \u00e9v\u00e8nement.<\/p>\n\n\n\n<p class=\"has-medium-font-size\">Si vous \u00eates int\u00e9ress\u00e9, n&rsquo;h\u00e9sitez pas \u00e0 nous contacter par mail lafermedortalissa@gmail.com<\/p>\n\n\n\n<p class=\"has-virtue-primary-color has-text-color has-medium-font-size\">Des ateliers peuvent \u00eatre organis\u00e9s en fonction de vos besoins. Quelques exemples ci-dessous d&rsquo;atelier qui ont d\u00e9j\u00e0 eu lieu \u00e0 la ferme !<\/p>\n\n\n\n<h1 class=\"wp-block-heading has-text-align-center\"><strong>Atelier cr\u00e9er et entretenir un potager simple et productif <\/strong><\/h1>\n\n\n\n<p class=\"has-medium-font-size\">D\u00e9tails : les cl\u00e9s pour r\u00e9ussir \u00e0 cr\u00e9er et entretenir un petit potager bio \u00e0 faire dans vos temps disponibles pour le plaisir de r\u00e9colter de beaux l\u00e9gumes. Nos conseils, les erreurs \u00e0 \u00e9viter, une liste de l\u00e9gumes simples \u00e0 cultiver, un calendrier de culture et un plan de potager de 6m\u00b2. <\/p>\n\n\n\n<p class=\"has-medium-font-size\">Atelier les mains dans la terre pour pratiquer en direct sur un espace d\u00e9di\u00e9 dans la ferme.<\/p>\n\n\n\n<p class=\"has-medium-font-size\">Public : Pour ceux qui veulent jardiner le week-end sans se prendre la t\u00eate tout en ayant de beaux l\u00e9gumes \u00e0 r\u00e9colter \ud83d\ude42 <\/p>\n\n\n\n<p class=\"has-medium-font-size\">Prochaine date : <strong>Sur demande<\/strong> : lafermedortalissa@gmail.com<\/p>\n\n\n<div class=\"wp-block-image\">\n<figure class=\"aligncenter size-full is-resized\"><img loading=\"lazy\" decoding=\"async\" width=\"650\" height=\"406\" src=\"http:\/\/lafermedortalissa.fr\/wp-content\/uploads\/2024\/01\/IMG_E3970-edited.jpg\" alt=\"\" class=\"wp-image-1199\" style=\"width:498px;height:auto\" srcset=\"https:\/\/lafermedortalissa.fr\/wp-content\/uploads\/2024\/01\/IMG_E3970-edited.jpg 650w, https:\/\/lafermedortalissa.fr\/wp-content\/uploads\/2024\/01\/IMG_E3970-edited-300x187.jpg 300w, https:\/\/lafermedortalissa.fr\/wp-content\/uploads\/2024\/01\/IMG_E3970-edited-80x50.jpg 80w\" sizes=\"auto, (max-width: 650px) 100vw, 650px\" \/><\/figure>\n<\/div>\n\n\n<h2 class=\"wp-block-heading has-text-align-center has-large-font-size\"><strong>Atelier pour produire des l\u00e9gumes toute l&rsquo;ann\u00e9e dans son potager<\/strong><\/h2>\n\n\n\n<p class=\"has-medium-font-size\">Les l\u00e9gumes de mon jardin toute l&rsquo;ann\u00e9e dans mon assiette &#8230; C&rsquo;est parfois un r\u00eave pour certains qui semble inaccessible.  Et bien, c&rsquo;est possible et dans cet atelier nous allons essayer de vous transmettre un maximum de nos connaissances pour que vous y arriviez !<\/p>\n\n\n\n<p class=\"has-medium-font-size\">D\u00e9tails : les cl\u00e9s pour s&rsquo;organiser et entretenir un jardin potager naturel et productif toute l&rsquo;ann\u00e9e. Nos conseils adapt\u00e9s \u00e0 notre r\u00e9gion et les particularit\u00e9 de nos sols, le sol vivant et la permaculture, les erreurs \u00e0 \u00e9viter, le choix dans les l\u00e9gumes les plus adapt\u00e9s, le calendrier et planning de culture d\u00e9taill\u00e9 et un plan de potager de 50m\u00b2 avec une petite serre, des conseils sur la conservation des l\u00e9gumes.<\/p>\n\n\n\n<p class=\"has-medium-font-size\">Public : Pour ceux qui ont plus de temps, qui connaissent d\u00e9j\u00e0 un peu le potager et qui veulent s&rsquo;organiser pour avoir des r\u00e9coltes toute l&rsquo;ann\u00e9e. <\/p>\n\n\n\n<p class=\"has-medium-font-size\">Prochaine date : <strong>Sur demande<\/strong> : lafermedortalissa@gmail.com<\/p>\n\n\n<div class=\"wp-block-image\">\n<figure class=\"aligncenter size-full is-resized\"><img loading=\"lazy\" decoding=\"async\" width=\"450\" height=\"281\" src=\"http:\/\/lafermedortalissa.fr\/wp-content\/uploads\/2024\/01\/100_9970-edited.jpg\" alt=\"\" class=\"wp-image-1200\" style=\"width:504px;height:auto\" srcset=\"https:\/\/lafermedortalissa.fr\/wp-content\/uploads\/2024\/01\/100_9970-edited.jpg 450w, https:\/\/lafermedortalissa.fr\/wp-content\/uploads\/2024\/01\/100_9970-edited-300x187.jpg 300w, https:\/\/lafermedortalissa.fr\/wp-content\/uploads\/2024\/01\/100_9970-edited-80x50.jpg 80w\" sizes=\"auto, (max-width: 450px) 100vw, 450px\" \/><\/figure>\n<\/div>\n\n\n<p class=\"has-medium-font-size\"><\/p>\n\n\n\n<p class=\"has-medium-font-size\"><strong>Atelier pour cultiver des champignons<\/strong> : d\u00e9couverte du monde des champignons et de la mise en place d&rsquo;une petite champignonni\u00e8re naturelle : l&#8217;emplacement id\u00e9al, le mat\u00e9riel, le choix du substrat et des esp\u00e8ces de champignons, des conseils pratiques pour r\u00e9ussir.<\/p>\n\n\n<div class=\"wp-block-image\">\n<figure class=\"aligncenter size-full is-resized\"><img loading=\"lazy\" decoding=\"async\" width=\"600\" height=\"375\" src=\"http:\/\/lafermedortalissa.fr\/wp-content\/uploads\/2024\/01\/IMG_1848-1-edited.jpg\" alt=\"\" class=\"wp-image-1201\" style=\"width:502px;height:auto\" srcset=\"https:\/\/lafermedortalissa.fr\/wp-content\/uploads\/2024\/01\/IMG_1848-1-edited.jpg 600w, https:\/\/lafermedortalissa.fr\/wp-content\/uploads\/2024\/01\/IMG_1848-1-edited-300x188.jpg 300w, https:\/\/lafermedortalissa.fr\/wp-content\/uploads\/2024\/01\/IMG_1848-1-edited-80x50.jpg 80w\" sizes=\"auto, (max-width: 600px) 100vw, 600px\" \/><\/figure>\n<\/div>\n\n\n<p class=\"has-medium-font-size\"><strong>Attirer les oiseaux et cr\u00e9er un nichoir \u00e0 oiseau :<\/strong> Comment faire pour attirer les oiseaux au jardin : am\u00e9nagements, plants favorables, nourrissage, nichoirs. Suivi d&rsquo;un atelier cr\u00e9atif et manuel de construction de nichoir naturel \u00e0 m\u00e9sange \u00e0 partir d&rsquo;une courge gourde.<\/p>\n\n\n<div class=\"wp-block-image\">\n<figure class=\"aligncenter size-large is-resized\"><img loading=\"lazy\" decoding=\"async\" width=\"2048\" height=\"1279\" src=\"http:\/\/lafermedortalissa.fr\/wp-content\/uploads\/2024\/01\/courge-gourde-nichoir-edited.jpg\" alt=\"Nichoir oiseau courge gourde pelerine calebasse atelier r\u00e9alisation \u00e0 la ferme\" class=\"wp-image-1218\" style=\"width:469px;height:auto\" srcset=\"https:\/\/lafermedortalissa.fr\/wp-content\/uploads\/2024\/01\/courge-gourde-nichoir-edited.jpg 2048w, https:\/\/lafermedortalissa.fr\/wp-content\/uploads\/2024\/01\/courge-gourde-nichoir-edited-300x187.jpg 300w, https:\/\/lafermedortalissa.fr\/wp-content\/uploads\/2024\/01\/courge-gourde-nichoir-edited-1024x640.jpg 1024w, https:\/\/lafermedortalissa.fr\/wp-content\/uploads\/2024\/01\/courge-gourde-nichoir-edited-768x480.jpg 768w, https:\/\/lafermedortalissa.fr\/wp-content\/uploads\/2024\/01\/courge-gourde-nichoir-edited-1536x959.jpg 1536w, https:\/\/lafermedortalissa.fr\/wp-content\/uploads\/2024\/01\/courge-gourde-nichoir-edited-80x50.jpg 80w\" sizes=\"auto, (max-width: 2048px) 100vw, 2048px\" \/><\/figure>\n<\/div>\n\n\n<p class=\"has-medium-font-size\"><strong>Atelier de semis de graines et d\u00e9coration d&rsquo;un cache-pot :<\/strong> Les graines c&rsquo;est quoi ? Cela ressemble \u00e0 quoi ? La graine est tout simplement magique : d&rsquo;un petit bout de trois fois rien, on peut cr\u00e9er une for\u00eat ! Dans cet atelier on pr\u00e9pare un semis, on s\u00e8me, on arrose, on d\u00e9core un cache pot et chaque participant repart avec son pot sem\u00e9 et son cache-pot.<\/p>\n\n\n\n<p class=\"has-medium-font-size\"><strong>Tous les ateliers se font sur r\u00e9servation pr\u00e9alable.<\/strong><\/p>\n","protected":false},"excerpt":{"rendered":"<p>Partager nos connaissances et notre exp\u00e9rience sur le jardinage fait partie de l&rsquo;essence m\u00eame de notre ferme. Tous les printemps, nous proposons diff\u00e9rents ateliers sur le jardinage bio ainsi que des visites de la ferme d&rsquo;Ortalissa ! Restez inform\u00e9s de &hellip; <a href=\"https:\/\/lafermedortalissa.fr\/index.php\/les-rencontres\/\">Lire la suite\u00ad\u00ad<\/a><\/p>\n","protected":false},"author":1,"featured_media":0,"parent":0,"menu_order":0,"comment_status":"closed","ping_status":"closed","template":"page-fullwidth.php","meta":{"_exactmetrics_skip_tracking":false,"_exactmetrics_sitenote_active":false,"_exactmetrics_sitenote_note":"","_exactmetrics_sitenote_category":0,"footnotes":""},"class_list":["post-1192","page","type-page","status-publish","hentry"],"_links":{"self":[{"href":"https:\/\/lafermedortalissa.fr\/index.php\/wp-json\/wp\/v2\/pages\/1192","targetHints":{"allow":["GET"]}}],"collection":[{"href":"https:\/\/lafermedortalissa.fr\/index.php\/wp-json\/wp\/v2\/pages"}],"about":[{"href":"https:\/\/lafermedortalissa.fr\/index.php\/wp-json\/wp\/v2\/types\/page"}],"author":[{"embeddable":true,"href":"https:\/\/lafermedortalissa.fr\/index.php\/wp-json\/wp\/v2\/users\/1"}],"replies":[{"embeddable":true,"href":"https:\/\/lafermedortalissa.fr\/index.php\/wp-json\/wp\/v2\/comments?post=1192"}],"version-history":[{"count":67,"href":"https:\/\/lafermedortalissa.fr\/index.php\/wp-json\/wp\/v2\/pages\/1192\/revisions"}],"predecessor-version":[{"id":1533,"href":"https:\/\/lafermedortalissa.fr\/index.php\/wp-json\/wp\/v2\/pages\/1192\/revisions\/1533"}],"wp:attachment":[{"href":"https:\/\/lafermedortalissa.fr\/index.php\/wp-json\/wp\/v2\/media?parent=1192"}],"curies":[{"name":"wp","href":"https:\/\/api.w.org\/{rel}","templated":true}]}}